{"id":11,"date":"2024-03-20T00:21:45","date_gmt":"2024-03-20T00:21:45","guid":{"rendered":"https:\/\/interdomus.com.pe\/?page_id=11"},"modified":"2024-03-20T14:16:11","modified_gmt":"2024-03-20T14:16:11","slug":"acerca-de","status":"publish","type":"page","link":"https:\/\/interdomus.com.pe\/index.php\/acerca-de\/","title":{"rendered":"Nosotros"},"content":{"rendered":"\n<p>Nuestro equipo de dise\u00f1adores expertos colaborar\u00e1 estrechamente contigo para entender tus preferencias est\u00e9ticas, requerimientos espec\u00edficos y restricciones presupuestarias, elaborando as\u00ed un plan de dise\u00f1o que cumpla y exceda tus expectativas.<\/p>\n","protected":false},"excerpt":{"rendered":"<p>Nuestro equipo de dise\u00f1adores expertos colaborar\u00e1 estrechamente contigo para entender tus preferencias est\u00e9ticas, requerimientos espec\u00edficos y restricciones presupuestarias, elaborando as\u00ed un plan de dise\u00f1o que cumpla y exceda tus expectativas.<\/p>\n","protected":false},"author":1,"featured_media":52,"parent":0,"menu_order":0,"comment_status":"closed","ping_status":"closed","template":"","meta":{"footnotes":""},"class_list":["post-11","page","type-page","status-publish","has-post-thumbnail","hentry"],"_links":{"self":[{"href":"https:\/\/interdomus.com.pe\/index.php\/wp-json\/wp\/v2\/pages\/11","targetHints":{"allow":["GET"]}}],"collection":[{"href":"https:\/\/interdomus.com.pe\/index.php\/wp-json\/wp\/v2\/pages"}],"about":[{"href":"https:\/\/interdomus.com.pe\/index.php\/wp-json\/wp\/v2\/types\/page"}],"author":[{"embeddable":true,"href":"https:\/\/interdomus.com.pe\/index.php\/wp-json\/wp\/v2\/users\/1"}],"replies":[{"embeddable":true,"href":"https:\/\/interdomus.com.pe\/index.php\/wp-json\/wp\/v2\/comments?post=11"}],"version-history":[{"count":2,"href":"https:\/\/interdomus.com.pe\/index.php\/wp-json\/wp\/v2\/pages\/11\/revisions"}],"predecessor-version":[{"id":47,"href":"https:\/\/interdomus.com.pe\/index.php\/wp-json\/wp\/v2\/pages\/11\/revisions\/47"}],"wp:featuredmedia":[{"embeddable":true,"href":"https:\/\/interdomus.com.pe\/index.php\/wp-json\/wp\/v2\/media\/52"}],"wp:attachment":[{"href":"https:\/\/interdomus.com.pe\/index.php\/wp-json\/wp\/v2\/media?parent=11"}],"curies":[{"name":"wp","href":"https:\/\/api.w.org\/{rel}","templated":true}]}}