{"id":12,"date":"2024-03-20T00:21:45","date_gmt":"2024-03-20T00:21:45","guid":{"rendered":"https:\/\/interdomus.com.pe\/?page_id=12"},"modified":"2024-03-20T15:16:02","modified_gmt":"2024-03-20T15:16:02","slug":"contacto","status":"publish","type":"page","link":"https:\/\/interdomus.com.pe\/index.php\/contacto\/","title":{"rendered":"Contacto"},"content":{"rendered":"\n<p>Descubre nuestra colecci\u00f3n y perm\u00edtenos ser tus aliados en la creaci\u00f3n del hogar de tus sue\u00f1os. Estamos aqu\u00ed para hacer realidad tus aspiraciones de dise\u00f1o interior.<\/p>\n\n\n\n<p>\u00a1Ven a visitarnos hoy mismo y comienza a transformar tu espacio!<\/p>\n","protected":false},"excerpt":{"rendered":"<p>Descubre nuestra colecci\u00f3n y perm\u00edtenos ser tus aliados en la creaci\u00f3n del hogar de tus sue\u00f1os. Estamos aqu\u00ed para hacer realidad tus aspiraciones de dise\u00f1o interior. \u00a1Ven a visitarnos hoy mismo y comienza a transformar tu espacio!<\/p>\n","protected":false},"author":1,"featured_media":66,"parent":0,"menu_order":0,"comment_status":"closed","ping_status":"closed","template":"","meta":{"footnotes":""},"class_list":["post-12","page","type-page","status-publish","has-post-thumbnail","hentry"],"_links":{"self":[{"href":"https:\/\/interdomus.com.pe\/index.php\/wp-json\/wp\/v2\/pages\/12","targetHints":{"allow":["GET"]}}],"collection":[{"href":"https:\/\/interdomus.com.pe\/index.php\/wp-json\/wp\/v2\/pages"}],"about":[{"href":"https:\/\/interdomus.com.pe\/index.php\/wp-json\/wp\/v2\/types\/page"}],"author":[{"embeddable":true,"href":"https:\/\/interdomus.com.pe\/index.php\/wp-json\/wp\/v2\/users\/1"}],"replies":[{"embeddable":true,"href":"https:\/\/interdomus.com.pe\/index.php\/wp-json\/wp\/v2\/comments?post=12"}],"version-history":[{"count":3,"href":"https:\/\/interdomus.com.pe\/index.php\/wp-json\/wp\/v2\/pages\/12\/revisions"}],"predecessor-version":[{"id":50,"href":"https:\/\/interdomus.com.pe\/index.php\/wp-json\/wp\/v2\/pages\/12\/revisions\/50"}],"wp:featuredmedia":[{"embeddable":true,"href":"https:\/\/interdomus.com.pe\/index.php\/wp-json\/wp\/v2\/media\/66"}],"wp:attachment":[{"href":"https:\/\/interdomus.com.pe\/index.php\/wp-json\/wp\/v2\/media?parent=12"}],"curies":[{"name":"wp","href":"https:\/\/api.w.org\/{rel}","templated":true}]}}